{"id":62,"date":"2025-09-18T13:35:13","date_gmt":"2025-09-18T13:35:13","guid":{"rendered":"https:\/\/filmescastor.com\/fotoevideo\/home\/"},"modified":"2026-03-31T22:37:32","modified_gmt":"2026-03-31T22:37:32","slug":"home","status":"publish","type":"page","link":"https:\/\/filmescastor.com\/fotoevideo\/","title":{"rendered":"Home"},"content":{"rendered":"\n\n\n\n<h2>Sobre N\u00f3s<\/h2>\n\n\n\n\n\n<h2>Miss\u00e3o<\/h2>\n\n\n\n<p>A nossa miss\u00e3o \u00e9 capturar momentos especiais e transform\u00e1-los em mem\u00f3rias imortais atrav\u00e9s da arte da fotografia, com um compromisso inabal\u00e1vel com a qualidade e a satisfa\u00e7\u00e3o do cliente.<\/p>\n\n\n<p>Ser reconhecidos como l\u00edderes em fotografia, proporcionando experi\u00eancias excepcionais e resultados que tocam o cora\u00e7\u00e3o.<\/p>\n\n\n<p>Valorizamos a criatividade, a integridade e a satisfa\u00e7\u00e3o do cliente em tudo o que fazemos.<br><br><\/p>\n\n\n\n<p><br><\/p>\n<p>Lorem Ipsum has been the industry&#8217;s standard dummy text ever since the 1500s.<\/p>\n<p>2026<\/p>\n\n\n\n\n\n\n\n\n\n\n\n\n\n\n\n\n\n\n\n\n\n\n\n\n<h2>OS Nossos Servi\u00e7os<\/h2>\n\n\n\n<p>Oferecemos sess\u00f5es de fotografia personalizadas, capturando a ess\u00eancia da sua personalidade em cada fotografia.&nbsp;<\/p><p>Perfeito para fotos individuais ou familiares.<\/p><p>Fazemos sess\u00f5es do seu patudo<\/p>\n\n\n<p>Os nossos servi\u00e7os de fotografia e video, cobrem desde Provas desportivas, inaugura\u00e7\u00f5es, concertos, casamentos, e festas de anivers\u00e1rio, garantindo que cada momento importante seja documentado com aten\u00e7\u00e3o e criatividade.<\/p>\n\n\n<p>Ajudamos empresas a destacar os seus produtos com imagens de alta qualidade que atraem clientes e transmitem a qualidade da sua marca. \u00c9 ideal para conte\u00fados de websites&nbsp;e materiais promocionais.<\/p>\n\n\n<div><br><\/div><div>Podcasts individuais ou em grupo<\/div>Entrevistas<br>Conte\u00fado para empresas<br><p>Videocasts multic\u00e2mara<\/p><p>Videos formativos<\/p><p>Apresenta\u00e7\u00e3o de produtos<\/p>\n\n\n<p>Oferecemos servi\u00e7os de fotografia e video que representam a sua empresa da melhor forma, sendo ideal para conte\u00fados de websites&nbsp;<\/p><p>e materiais promocionais.<\/p>\n\n\n<p>Os nossos servi\u00e7os s\u00e3o adequados para provas desportivas, inaugura\u00e7\u00f5es, concertos,&nbsp; reuni\u00f5es e forma\u00e7\u00f5es online<\/p>\n\n\n<p>Fazemos video e fotografia a\u00e9rea<\/p>\n\n\n<p>Realizamos workshops para aqueles que desejam aprimorar os seus conhecimentos fotogr\u00e1ficos, desde iniciantes at\u00e9 fot\u00f3grafos avan\u00e7ados.<\/p>\n\n\n\n\n\n\n\n<h2>Portf\u00f3lio<\/h2>\n\n\n\n\n\n\n\n\n\n\n\n\n\n\n\n\n\n\n\n\n\n\n\n\n","protected":false},"excerpt":{"rendered":"","protected":false},"author":1,"featured_media":0,"parent":0,"menu_order":0,"comment_status":"closed","ping_status":"closed","template":"","meta":{"pagelayer_contact_templates":[],"_pagelayer_content":"","footnotes":""},"class_list":["post-62","page","type-page","status-publish","hentry"],"_links":{"self":[{"href":"https:\/\/filmescastor.com\/fotoevideo\/wp-json\/wp\/v2\/pages\/62","targetHints":{"allow":["GET"]}}],"collection":[{"href":"https:\/\/filmescastor.com\/fotoevideo\/wp-json\/wp\/v2\/pages"}],"about":[{"href":"https:\/\/filmescastor.com\/fotoevideo\/wp-json\/wp\/v2\/types\/page"}],"author":[{"embeddable":true,"href":"https:\/\/filmescastor.com\/fotoevideo\/wp-json\/wp\/v2\/users\/1"}],"replies":[{"embeddable":true,"href":"https:\/\/filmescastor.com\/fotoevideo\/wp-json\/wp\/v2\/comments?post=62"}],"version-history":[{"count":72,"href":"https:\/\/filmescastor.com\/fotoevideo\/wp-json\/wp\/v2\/pages\/62\/revisions"}],"predecessor-version":[{"id":182,"href":"https:\/\/filmescastor.com\/fotoevideo\/wp-json\/wp\/v2\/pages\/62\/revisions\/182"}],"wp:attachment":[{"href":"https:\/\/filmescastor.com\/fotoevideo\/wp-json\/wp\/v2\/media?parent=62"}],"curies":[{"name":"wp","href":"https:\/\/api.w.org\/{rel}","templated":true}]}}